{"id":28906,"date":"2025-06-28T12:16:17","date_gmt":"2025-06-28T12:16:17","guid":{"rendered":"https:\/\/rolandnemet.rs\/proizvod\/lifestyle-konzultacio\/"},"modified":"2025-06-28T12:16:17","modified_gmt":"2025-06-28T12:16:17","slug":"lifestyle-konzultacio","status":"publish","type":"product","link":"https:\/\/rolandnemet.rs\/hu\/proizvod\/lifestyle-konzultacio\/","title":{"rendered":"\u201eLIFESTYLE&#8221; konzult\u00e1ci\u00f3"},"content":{"rendered":"<p><span style=\"font-weight: 400;\">Ha pozit\u00edv v\u00e1ltoz\u00e1st szeretne el\u00e9rni \u00e9letm\u00f3dj\u00e1ban, eg\u00e9szs\u00e9gesebb, energikusabb \u00e9s jobb form\u00e1ban szeretne lenni \u2013 elk\u00e9sz\u00edtettem a \u201eLIFESTYLE&#8221; konzult\u00e1ci\u00f3t.<\/span><\/p>\n<p><span style=\"font-weight: 400;\">Ez a konzult\u00e1ci\u00f3 60 percig tart \u00e9s a k\u00f6vetkez\u0151ket tartalmazza:<\/span><\/p>\n<p><span style=\"font-weight: 400;\">-Teljes szem\u00e9lyre szabott \u00e9trend-kieg\u00e9sz\u00edt\u0151 terv.<\/span><\/p>\n<p><span style=\"font-weight: 400;\">-Szem\u00e9lyes \u00e9tkez\u00e9si terv 7 napra (4 h\u00e9ten kereszt\u00fcl alkalmazand\u00f3).<\/span><\/p>\n<p><span style=\"font-weight: 400;\">-PDF aj\u00e1nd\u00e9kcsomag, amely tartalmazza:<\/span><\/p>\n<p><span style=\"font-weight: 400;\">*Bev\u00e1s\u00e1rl\u00f3lista<\/span><\/p>\n<p><span style=\"font-weight: 400;\">*Ide\u00e1lis t\u00e1ny\u00e9r p\u00e9lda<\/span><\/p>\n<p><span style=\"font-weight: 400;\">*10 legjobb szuper\u00e9lelmiszer<\/span><\/p>\n<p><span style=\"font-weight: 400;\">-Aj\u00e1nd\u00e9k utalv\u00e1ny 1500 din\u00e1r \u00e9rt\u00e9kben term\u00e9keink v\u00e1s\u00e1rl\u00e1s\u00e1hoz.<\/span><\/p>\n<p><b>Konzult\u00e1ci\u00f3 \u00e1ra: 4990 din.<\/b><\/p>\n<p>&nbsp;<\/p>\n","protected":false},"excerpt":{"rendered":"<p>Ha pozit\u00edv v\u00e1ltoz\u00e1st szeretne el\u00e9rni \u00e9letm\u00f3dj\u00e1ban, eg\u00e9szs\u00e9gesebb, energikusabb \u00e9s jobb form\u00e1ban szeretne lenni \u2013 elk\u00e9sz\u00edtettem a \u201eLIFESTYLE&#8221; konzult\u00e1ci\u00f3t. Ez a<\/p>\n","protected":false},"featured_media":28212,"comment_status":"open","ping_status":"closed","template":"","meta":{"_hpay_column_layout":"0","_hpay_name_price":"0"},"product_brand":[],"product_cat":[141],"product_tag":[],"class_list":{"0":"post-28906","1":"product","2":"type-product","3":"status-publish","4":"has-post-thumbnail","6":"product_cat-uncategorized-hu","8":"first","9":"instock","10":"shipping-taxable","11":"purchasable","12":"product-type-simple"},"_links":{"self":[{"href":"https:\/\/rolandnemet.rs\/hu\/wp-json\/wp\/v2\/product\/28906","targetHints":{"allow":["GET"]}}],"collection":[{"href":"https:\/\/rolandnemet.rs\/hu\/wp-json\/wp\/v2\/product"}],"about":[{"href":"https:\/\/rolandnemet.rs\/hu\/wp-json\/wp\/v2\/types\/product"}],"replies":[{"embeddable":true,"href":"https:\/\/rolandnemet.rs\/hu\/wp-json\/wp\/v2\/comments?post=28906"}],"version-history":[{"count":0,"href":"https:\/\/rolandnemet.rs\/hu\/wp-json\/wp\/v2\/product\/28906\/revisions"}],"wp:featuredmedia":[{"embeddable":true,"href":"https:\/\/rolandnemet.rs\/hu\/wp-json\/wp\/v2\/media\/28212"}],"wp:attachment":[{"href":"https:\/\/rolandnemet.rs\/hu\/wp-json\/wp\/v2\/media?parent=28906"}],"wp:term":[{"taxonomy":"product_brand","embeddable":true,"href":"https:\/\/rolandnemet.rs\/hu\/wp-json\/wp\/v2\/product_brand?post=28906"},{"taxonomy":"product_cat","embeddable":true,"href":"https:\/\/rolandnemet.rs\/hu\/wp-json\/wp\/v2\/product_cat?post=28906"},{"taxonomy":"product_tag","embeddable":true,"href":"https:\/\/rolandnemet.rs\/hu\/wp-json\/wp\/v2\/product_tag?post=28906"}],"curies":[{"name":"wp","href":"https:\/\/api.w.org\/{rel}","templated":true}]}}