{"id":28676,"date":"2021-08-26T12:26:53","date_gmt":"2021-08-26T12:26:53","guid":{"rendered":"https:\/\/rolandnemet.rs\/kivansaglista\/"},"modified":"2025-08-08T14:41:51","modified_gmt":"2025-08-08T14:41:51","slug":"kivansaglista","status":"publish","type":"page","link":"https:\/\/rolandnemet.rs\/hu\/kivansaglista\/","title":{"rendered":"K\u00edv\u00e1ns\u00e1glista"},"content":{"rendered":"\t\t\n\t\t\n\n\t\t\t\t<div class=\"\" >\n\t\t\t\t\t\t<div class=\"wd-wishlist-content\">\n\t\t\t\t\t\t\t\t\t\n\t\t<div class=\"wd-empty-block wd-empty-wishlist\">\n\n\t\t<h2 class=\"wd-empty-block-title\">\n\t\t\tThis wishlist is empty.\t\t<\/h2>\n\n\t\t\t\t\t<p class=\"wd-empty-block-text\">\n\t\t\t\tYou don't have any products in the wishlist yet. You will find a lot of interesting products on our \"Shop\" page.\t\t\t<\/p>\n\t\t\n\t\t\n\t\t\t\t\t<a class=\"button btn btn-accent wd-empty-block-btn\" href=\"https:\/\/rolandnemet.rs\/hu\/shop\/\">\n\t\t\t\tReturn to shop\t\t\t<\/a>\n\t\t\n\t\t\t\t\t<\/div>\n\t\t\t\t\t\t\t\t\t\t\t<\/div>\n\t\t\t\t<\/div>\n\t\t\n","protected":false},"excerpt":{"rendered":"","protected":false},"author":1,"featured_media":0,"parent":0,"menu_order":0,"comment_status":"closed","ping_status":"closed","template":"","meta":{"_hpay_column_layout":"0","_hpay_name_price":"0","footnotes":""},"class_list":["post-28676","page","type-page","status-publish","hentry"],"_links":{"self":[{"href":"https:\/\/rolandnemet.rs\/hu\/wp-json\/wp\/v2\/pages\/28676","targetHints":{"allow":["GET"]}}],"collection":[{"href":"https:\/\/rolandnemet.rs\/hu\/wp-json\/wp\/v2\/pages"}],"about":[{"href":"https:\/\/rolandnemet.rs\/hu\/wp-json\/wp\/v2\/types\/page"}],"author":[{"embeddable":true,"href":"https:\/\/rolandnemet.rs\/hu\/wp-json\/wp\/v2\/users\/1"}],"replies":[{"embeddable":true,"href":"https:\/\/rolandnemet.rs\/hu\/wp-json\/wp\/v2\/comments?post=28676"}],"version-history":[{"count":1,"href":"https:\/\/rolandnemet.rs\/hu\/wp-json\/wp\/v2\/pages\/28676\/revisions"}],"predecessor-version":[{"id":28678,"href":"https:\/\/rolandnemet.rs\/hu\/wp-json\/wp\/v2\/pages\/28676\/revisions\/28678"}],"wp:attachment":[{"href":"https:\/\/rolandnemet.rs\/hu\/wp-json\/wp\/v2\/media?parent=28676"}],"curies":[{"name":"wp","href":"https:\/\/api.w.org\/{rel}","templated":true}]}}